{"id":603,"date":"2017-10-28T10:43:29","date_gmt":"2017-10-28T08:43:29","guid":{"rendered":"http:\/\/palety.developnet.pl\/?page_id=5"},"modified":"2020-11-08T17:48:12","modified_gmt":"2020-11-08T17:48:12","slug":"o-firmie","status":"publish","type":"page","link":"http:\/\/radiate-m.pl\/","title":{"rendered":"O firmie"},"content":{"rendered":"<div id=\"pl-603\"  class=\"panel-layout\" ><div id=\"pg-603-0\"  class=\"panel-grid panel-has-style\" ><div class=\"siteorigin-panels-stretch panel-row-style panel-row-style-for-603-0\" data-stretch-type=\"full-stretched\" ><div id=\"pgc-603-0-0\"  class=\"panel-grid-cell\" ><div id=\"panel-603-0-0-0\" class=\"so-panel widget widget_metaslider_widget panel-first-child panel-last-child\" data-index=\"0\" ><div id=\"metaslider-id-7\" style=\"width: 100%; margin: 0 auto;\" class=\"ml-slider-3-20-3 metaslider metaslider-flex metaslider-7 ml-slider\">\n    <div id=\"metaslider_container_7\">\n        <div id=\"metaslider_7\">\n            <ul aria-live=\"polite\" class=\"slides\">\n                <li style=\"display: block; width: 100%;\" class=\"slide-600 ms-image\"><img src=\"http:\/\/radiate-m.pl\/wp-content\/uploads\/2017\/12\/slider2-1600x700.jpg\" height=\"700\" width=\"1600\" alt=\"\" class=\"slider-7 slide-600\" \/><\/li>\n                <li style=\"display: none; width: 100%;\" class=\"slide-595 ms-image\"><img src=\"http:\/\/radiate-m.pl\/wp-content\/uploads\/2017\/12\/slider3-1600x700.jpg\" height=\"700\" width=\"1600\" alt=\"\" class=\"slider-7 slide-595\" \/><\/li>\n                <li style=\"display: none; width: 100%;\" class=\"slide-710 ms-image\"><img src=\"http:\/\/radiate-m.pl\/wp-content\/uploads\/2017\/12\/1937065_1726240054262200_1176634460020888517_n-960x420.jpg\" height=\"700\" width=\"1600\" alt=\"\" class=\"slider-7 slide-710\" \/><\/li>\n                <li style=\"display: none; width: 100%;\" class=\"slide-711 ms-image\"><img src=\"http:\/\/radiate-m.pl\/wp-content\/uploads\/2018\/01\/DSC_0051_1-1600x700.jpg\" height=\"700\" width=\"1600\" alt=\"\" class=\"slider-7 slide-711\" \/><\/li>\n                <li style=\"display: none; width: 100%;\" class=\"slide-712 ms-image\"><img src=\"http:\/\/radiate-m.pl\/wp-content\/uploads\/2018\/01\/DSC_0086-1600x700.jpg\" height=\"700\" width=\"1600\" alt=\"\" class=\"slider-7 slide-712\" \/><\/li>\n                <li style=\"display: none; width: 100%;\" class=\"slide-713 ms-image\"><img src=\"http:\/\/radiate-m.pl\/wp-content\/uploads\/2018\/01\/DSC_0691-1600x700.jpg\" height=\"700\" width=\"1600\" alt=\"\" class=\"slider-7 slide-713\" \/><\/li>\n                <li style=\"display: none; width: 100%;\" class=\"slide-714 ms-image\"><img src=\"http:\/\/radiate-m.pl\/wp-content\/uploads\/2018\/01\/P1340669-1600x700.jpg\" height=\"700\" width=\"1600\" alt=\"\" class=\"slider-7 slide-714\" \/><\/li>\n            <\/ul>\n        <\/div>\n        \n    <\/div>\n<\/div><\/div><\/div><\/div><\/div><div id=\"pg-603-1\"  class=\"panel-grid panel-has-style\" ><div class=\"heading panel-row-style panel-row-style-for-603-1\" ><div id=\"pgc-603-1-0\"  class=\"panel-grid-cell\" ><div id=\"panel-603-1-0-0\" class=\"so-panel widget widget_sow-editor panel-first-child panel-last-child\" data-index=\"1\" ><div class=\"wow bounceInUp panel-widget-style panel-widget-style-for-603-1-0-0\" data-wow-offset=\"10\" data-wow-iteration=\"1\" ><div class=\"so-widget-sow-editor so-widget-sow-editor-base\">\n<div class=\"siteorigin-widget-tinymce textwidget\">\n\t<h2>O firmie<\/h2>\n<p>Pocz\u0105tki dzia\u0142alno\u015bci pierwszych przedstawicieli naszej firmy si\u0119gaj\u0105\u00a01999 roku, by\u0142a to wtedy dzia\u0142alno\u015b\u0107 jednoosobowa, \u015bwiadcz\u0105ca us\u0142ugi w\u00a0zakresie wykonywania instalacji wod-kan, centralnego ogrzewania oraz gazowych dla mieszka\u0144c\u00f3w powiatu zielonog\u00f3rskiego, kt\u00f3ra z czasem przekszta\u0142ci\u0142a si\u0119 w sp\u00f3\u0142k\u0119 cywiln\u0105, kt\u00f3ra opr\u00f3cz wykonywanych dotychczas us\u0142ug rozszerzy\u0142a dzia\u0142alno\u015b\u0107 o sklep instalacyjny. W\u00a0roku 2013 oficjalnie zarejestrowano Sp\u00f3\u0142k\u0119 z o.o. kt\u00f3rej nadano nazw\u0119 RADIATE-M. z siedzib\u0105 w Zb\u0105szynku przy ul. D\u0142ugiej 1.<\/p>\n<\/div>\n<\/div><\/div><\/div><\/div><\/div><\/div><div id=\"pg-603-2\"  class=\"panel-grid panel-has-style\" ><div class=\"panel-row-style panel-row-style-for-603-2\" ><div id=\"pgc-603-2-0\"  class=\"panel-grid-cell\" ><div id=\"panel-603-2-0-0\" class=\"so-panel widget widget_sow-editor panel-first-child panel-last-child\" data-index=\"2\" ><div class=\"wow fadeInLeft text-block panel-widget-style panel-widget-style-for-603-2-0-0\" data-wow-offset=\"10\" data-wow-iteration=\"1\" ><div class=\"so-widget-sow-editor so-widget-sow-editor-base\">\n<div class=\"siteorigin-widget-tinymce textwidget\">\n\t<p>Obecnie zatrudniamy wykwalifikowanych instalator\u00f3w z\u00a0uprawnieniami prowadz\u0105c jednocze\u015bnie punkt handlowy przy ul. D\u0142ugiej 1 w Zb\u0105szynku, a wsp\u00f3\u0142praca z\u00a0partnerami handlowymi\u00a0 takimi jak: BIMS PLUS, HYDRO-TECH KONIN, TADMAR, DIAMOND, EFLI, ONINEN, KLIMOSZ\u00a0 czy VIADRUS \u00a0wzbogaci\u0142a nasze kwalifikacje i\u00a0do\u015bwiadczenie, a\u00a0zarazem pozwoli\u0142a na\u00a0rozszerzenie zakresu naszej dzia\u0142alno\u015bci w\u00a0dziedzinie \u017ar\u00f3de\u0142 energii odnawialnej ( instalacji solarnych oraz pomp ciep\u0142a , rekuperacji i klimatyzacji).<\/p>\n<p>Posiadamy autoryzacj\u0119 renomowanych firm produkuj\u0105cych<\/p>\n<ul>\n<li>kot\u0142y gazowe : \u00a0JUNKERS-BOSCH, VAILLANT, BR\u00d6TJE-HEIZUNG, VIESSMANN<\/li>\n<li>pompy ciep\u0142a : ALPHAINNOTEC, JUNKERS-BOSCH, VIESSMANN, HEWALEX, KAISAI, PANASONIC<\/li>\n<li>instalacji solarnych: JUNKERS-BOSCH, VIESSMANN, GALMET, HEWALEX<\/li>\n<li>rekuperacji: ZEHNDER,PRO-VENT, BOSCH, KAISAI<\/li>\n<li>instalacji klimatyzacji: KAISAI, PANASONIC, BOSCH<\/li>\n<li>kot\u0142\u00f3w na paliwa sta\u0142e: VIADRUS, KLIMOSZ, STALMARK, \u00a0GALMET, ELEKTROMET<\/li>\n<li>kot\u0142\u00f3w i podgrzewaczy elektrycznych: KOSPEL, GALMET, ELEKTROMET<\/li>\n<\/ul>\n<p>Zakres naszych dzia\u0142a\u0144 obejmuje doradztwo techniczne, kosztorys wraz z doborem urz\u0105dze\u0144, monta\u017c, uruchomienie oraz serwis. Do ka\u017cdej realizacji podchodzimy indywidualnie, a bogate do\u015bwiadczenie pozwala nam \u015bwiadczy\u0107 us\u0142ugi na najwy\u017cszym poziomie przy jednoczesnym zachowaniu konkurencyjnych cen.<\/p>\n<p>Dysponuj\u0105c \u015bwietnie wykwalifikowan\u0105 i do\u015bwiadczon\u0105 kadr\u0105 pracownik\u00f3w, zrealizowali\u015bmy w okresie naszej dzia\u0142alno\u015bci wiele powa\u017cnych zada\u0144 inwestycyjnych i remont\u00f3w kapitalnych na terenie ca\u0142ej Polski, nigdy jednak nie zapominaj\u0105c o klientach indywidualnych z naszego rodzimego regionu.( powiaty \u2013 zielonog\u00f3rski, \u015bwiebodzi\u0144ski, wolszty\u0144ski, mi\u0119dzyrzecki i nowotomyski )<\/p>\n<p>Zale\u017cy nam na\u00a0naszych Klientach, dlatego stawiamy na\u00a0kompetencj\u0119 w\u00a0wielu dziedzinach i\u00a0stale doskonalimy nasze umiej\u0119tno\u015bci. Mamy \u015bwiadomo\u015b\u0107 tego, \u017ce\u00a0najwi\u0119ksz\u0105 si\u0142\u0105 firmy jest profesjonalna i\u00a0zgrana kadra oraz solidno\u015b\u0107 i uczciwo\u015b\u0107 wobec klient\u00f3w.<\/p>\n<p>Dysponujemy materia\u0142ami renomowanych firm, kt\u00f3re posiadaj\u0105 odpowiednie certyfikaty uprawniaj\u0105ce do zastosowania w polskim budownictwie. Wsp\u00f3\u0142pracuj\u0105c z renomowanymi producentami wprowadzamy najnowsze rozwi\u0105zania technologiczne umo\u017cliwiaj\u0105c w ten spos\u00f3b obni\u017cenie koszt\u00f3w eksploatacji. Posiadamy r\u00f3wnie\u017c pe\u0142en asortyment sprz\u0119tu niezb\u0119dnego do\u00a0realizacji powierzonych nam zada\u0144. Na\u00a0wszystkie us\u0142ugi wystawiamy faktury vat i udzielamy gwarancji.<\/p>\n<p>Instalacje wykonujemy w\u00a0ka\u017cdej wybranej przez\u00a0inwestora technologii. Firma nieustannie zdobywa do\u015bwiadczenie niezb\u0119dne do\u00a0szybkiej i\u00a0starannej realizacji projekt\u00f3w.<\/p>\n<\/div>\n<\/div><\/div><\/div><\/div><\/div><\/div><div id=\"pg-603-3\"  class=\"panel-grid panel-has-style\" ><div class=\"siteorigin-panels-stretch panel-row-style panel-row-style-for-603-3\" data-stretch-type=\"full-stretched\" ><div id=\"pgc-603-3-0\"  class=\"panel-grid-cell\" ><div id=\"panel-603-3-0-0\" class=\"so-panel widget widget_sow-editor panel-first-child panel-last-child\" data-index=\"3\" ><div class=\"wow fadeInLeft panel-widget-style panel-widget-style-for-603-3-0-0\" data-wow-offset=\"10\" data-wow-iteration=\"1\" ><div class=\"so-widget-sow-editor so-widget-sow-editor-base\">\n<div class=\"siteorigin-widget-tinymce textwidget\">\n\t<section id=\"tf-stat-351\" class=\"statistics n1\"  data-sp=\"80\" ><h3 >Radiate-m w liczbach<\/h3><div class=\"statistics-inner\"><div class=\"stat\"  data-count=\"1216\"><span class=\"fa fa-child\"><\/span><span class=\"number\"><\/span><span class=\"count-title\">Klient\u00f3w<\/span><\/div><div class=\"stat\"  data-count=\"74\"><span class=\"fa fa-briefcase\"><\/span><span class=\"number\"><\/span><span class=\"count-title\">Inwestycji<\/span><\/div><div class=\"stat\"  data-count=\"23\"><span class=\"fa fa-users\"><\/span><span class=\"number\"><\/span><span class=\"count-title\">Partner\u00f3w handlowcyh<\/span><\/div><div class=\"stat\"  data-count=\"162\"><span class=\"fa fa-cc-jcb\"><\/span><span class=\"number\"><\/span><span class=\"count-title\">Producent\u00f3w<\/span><\/div><\/div><\/section>\n<\/div>\n<\/div><\/div><\/div><\/div><\/div><\/div><div id=\"pg-603-4\"  class=\"panel-grid panel-has-style\" ><div class=\"siteorigin-panels-stretch panel-row-style panel-row-style-for-603-4\" data-stretch-type=\"full-stretched\" ><div id=\"pgc-603-4-0\"  class=\"panel-grid-cell\" ><div id=\"panel-603-4-0-0\" class=\"so-panel widget widget_sow-google-map panel-first-child panel-last-child\" data-index=\"4\" ><div class=\"wow zoomIn panel-widget-style panel-widget-style-for-603-4-0-0\" data-wow-offset=\"10\" data-wow-iteration=\"1\" ><div class=\"so-widget-sow-google-map so-widget-sow-google-map-default-5006d6f6236c\">\n<div class=\"sow-google-map-canvas\"\n\tstyle=\"\"\n\tid=\"map-canvas-affa3f4cf9f023ef56abde70860401eb\"\n\tdata-options=\"{&quot;address&quot;:&quot;52.243432, 15.814879&quot;,&quot;zoom&quot;:16,&quot;mobileZoom&quot;:16,&quot;gestureHandling&quot;:&quot;cooperative&quot;,&quot;disableUi&quot;:false,&quot;keepCentered&quot;:false,&quot;markerIcon&quot;:&quot;&quot;,&quot;markersDraggable&quot;:false,&quot;markerAtCenter&quot;:true,&quot;markerInfoDisplay&quot;:&quot;click&quot;,&quot;markerInfoMultiple&quot;:true,&quot;markerPositions&quot;:[{&quot;place&quot;:&quot;52.243432, 15.814879&quot;,&quot;info&quot;:&quot;&quot;,&quot;infoSelectedEditor&quot;:&quot;tinymce&quot;,&quot;infoMaxWidth&quot;:&quot;&quot;,&quot;customMarkerIcon&quot;:0}],&quot;mapName&quot;:&quot;&quot;,&quot;mapStyles&quot;:&quot;&quot;,&quot;directions&quot;:&quot;&quot;,&quot;apiKey&quot;:&quot;AIzaSyBp5bW6MwMPm2_R5xzpmGoe13umkNzRkYc&quot;,&quot;breakpoint&quot;:780}\"\n\tdata-fallback-image=\"{&quot;img&quot;:&quot;&quot;}\"><\/div>\n<\/div><\/div><\/div><\/div><\/div><\/div><\/div>","protected":false},"excerpt":{"rendered":"<p>O firmie Pocz\u0105tki dzia\u0142alno\u015bci pierwszych przedstawicieli naszej firmy si\u0119gaj\u0105\u00a01999 roku, by\u0142a to wtedy dzia\u0142alno\u015b\u0107 jednoosobowa, \u015bwiadcz\u0105ca us\u0142ugi w\u00a0zakresie wykonywania instalacji wod-kan, centralnego ogrzewania oraz gazowych dla mieszka\u0144c\u00f3w powiatu zielonog\u00f3rskiego, kt\u00f3ra z czasem przekszta\u0142ci\u0142a si\u0119 w sp\u00f3\u0142k\u0119 cywiln\u0105, kt\u00f3ra opr\u00f3cz wykonywanych dotychczas us\u0142ug rozszerzy\u0142a dzia\u0142alno\u015b\u0107 o sklep instalacyjny. W\u00a0roku 2013 oficjalnie zarejestrowano Sp\u00f3\u0142k\u0119 z o.o. kt\u00f3rej [&hellip;]<\/p>\n","protected":false},"author":1,"featured_media":0,"parent":0,"menu_order":0,"comment_status":"closed","ping_status":"closed","template":"page\/page.php","meta":[],"_links":{"self":[{"href":"http:\/\/radiate-m.pl\/index.php?rest_route=\/wp\/v2\/pages\/603"}],"collection":[{"href":"http:\/\/radiate-m.pl\/index.php?rest_route=\/wp\/v2\/pages"}],"about":[{"href":"http:\/\/radiate-m.pl\/index.php?rest_route=\/wp\/v2\/types\/page"}],"author":[{"embeddable":true,"href":"http:\/\/radiate-m.pl\/index.php?rest_route=\/wp\/v2\/users\/1"}],"replies":[{"embeddable":true,"href":"http:\/\/radiate-m.pl\/index.php?rest_route=%2Fwp%2Fv2%2Fcomments&post=603"}],"version-history":[{"count":13,"href":"http:\/\/radiate-m.pl\/index.php?rest_route=\/wp\/v2\/pages\/603\/revisions"}],"predecessor-version":[{"id":874,"href":"http:\/\/radiate-m.pl\/index.php?rest_route=\/wp\/v2\/pages\/603\/revisions\/874"}],"wp:attachment":[{"href":"http:\/\/radiate-m.pl\/index.php?rest_route=%2Fwp%2Fv2%2Fmedia&parent=603"}],"curies":[{"name":"wp","href":"https:\/\/api.w.org\/{rel}","templated":true}]}}